{"id":1530,"date":"2026-03-11T12:01:24","date_gmt":"2026-03-11T11:01:24","guid":{"rendered":"https:\/\/www.autobestservices.fr\/?page_id=1530"},"modified":"2026-03-11T13:42:04","modified_gmt":"2026-03-11T12:42:04","slug":"peugeot-207-copy-2","status":"publish","type":"page","link":"https:\/\/www.autobestservices.fr\/index.php\/peugeot-207-copy-2\/","title":{"rendered":"Peugeot 207 vti"},"content":{"rendered":"\t\t<div data-elementor-type=\"wp-page\" data-elementor-id=\"1530\" class=\"elementor elementor-1530\" data-elementor-post-type=\"page\">\n\t\t\t\t<div class=\"elementor-element elementor-element-d99b733 e-flex e-con-boxed e-con e-parent\" data-id=\"d99b733\" data-element_type=\"container\" data-e-type=\"container\">\n\t\t\t\t\t<div class=\"e-con-inner\">\n\t\t\t\t<div class=\"elementor-element elementor-element-198d31e elementor-widget elementor-widget-heading\" data-id=\"198d31e\" data-element_type=\"widget\" data-e-type=\"widget\" data-widget_type=\"heading.default\">\n\t\t\t\t<div class=\"elementor-widget-container\">\n\t\t\t\t\t<h2 class=\"elementor-heading-title elementor-size-default\">PEUGEOT 207<\/h2>\t\t\t\t<\/div>\n\t\t\t\t<\/div>\n\t\t\t\t<div class=\"elementor-element elementor-element-f5febcd elementor-widget elementor-widget-heading\" data-id=\"f5febcd\" data-element_type=\"widget\" data-e-type=\"widget\" data-widget_type=\"heading.default\">\n\t\t\t\t<div class=\"elementor-widget-container\">\n\t\t\t\t\t<h2 class=\"elementor-heading-title elementor-size-default\">1.6 VTI 120ch Premium<\/h2>\t\t\t\t<\/div>\n\t\t\t\t<\/div>\n\t\t\t\t<div class=\"elementor-element elementor-element-199f724 elementor-widget elementor-widget-heading\" data-id=\"199f724\" data-element_type=\"widget\" data-e-type=\"widget\" data-widget_type=\"heading.default\">\n\t\t\t\t<div class=\"elementor-widget-container\">\n\t\t\t\t\t<h2 class=\"elementor-heading-title elementor-size-default\">4 890 \u20ac<\/h2>\t\t\t\t<\/div>\n\t\t\t\t<\/div>\n\t\t\t\t<div class=\"elementor-element elementor-element-6daa44c elementor-widget elementor-widget-image\" data-id=\"6daa44c\" data-element_type=\"widget\" data-e-type=\"widget\" data-widget_type=\"image.default\">\n\t\t\t\t<div class=\"elementor-widget-container\">\n\t\t\t\t\t\t\t\t\t\t\t\t\t\t\t<img fetchpriority=\"high\" decoding=\"async\" width=\"512\" height=\"384\" src=\"https:\/\/www.autobestservices.fr\/wp-content\/uploads\/2026\/03\/1727GTY_1-512x384.jpg\" class=\"attachment-large size-large wp-image-1560\" alt=\"\" srcset=\"https:\/\/www.autobestservices.fr\/wp-content\/uploads\/2026\/03\/1727GTY_1-512x384.jpg 512w, https:\/\/www.autobestservices.fr\/wp-content\/uploads\/2026\/03\/1727GTY_1-300x225.jpg 300w, https:\/\/www.autobestservices.fr\/wp-content\/uploads\/2026\/03\/1727GTY_1-768x576.jpg 768w, https:\/\/www.autobestservices.fr\/wp-content\/uploads\/2026\/03\/1727GTY_1.jpg 1400w\" sizes=\"(max-width: 512px) 100vw, 512px\" \/>\t\t\t\t\t\t\t\t\t\t\t\t\t\t\t<\/div>\n\t\t\t\t<\/div>\n\t\t\t\t<div class=\"elementor-element elementor-element-daba2ec elementor-widget elementor-widget-gallery\" data-id=\"daba2ec\" data-element_type=\"widget\" data-e-type=\"widget\" data-settings=\"{&quot;lazyload&quot;:&quot;yes&quot;,&quot;gallery_layout&quot;:&quot;grid&quot;,&quot;columns&quot;:4,&quot;columns_tablet&quot;:2,&quot;columns_mobile&quot;:1,&quot;gap&quot;:{&quot;unit&quot;:&quot;px&quot;,&quot;size&quot;:10,&quot;sizes&quot;:[]},&quot;gap_tablet&quot;:{&quot;unit&quot;:&quot;px&quot;,&quot;size&quot;:10,&quot;sizes&quot;:[]},&quot;gap_mobile&quot;:{&quot;unit&quot;:&quot;px&quot;,&quot;size&quot;:10,&quot;sizes&quot;:[]},&quot;link_to&quot;:&quot;file&quot;,&quot;aspect_ratio&quot;:&quot;3:2&quot;,&quot;overlay_background&quot;:&quot;yes&quot;,&quot;content_hover_animation&quot;:&quot;fade-in&quot;}\" data-widget_type=\"gallery.default\">\n\t\t\t\t<div class=\"elementor-widget-container\">\n\t\t\t\t\t\t\t<div class=\"elementor-gallery__container\">\n\t\t\t\t\t\t\t<a class=\"e-gallery-item elementor-gallery-item elementor-animated-content\" href=\"https:\/\/www.autobestservices.fr\/wp-content\/uploads\/2026\/03\/1727GTY_1.jpg\" data-elementor-open-lightbox=\"yes\" data-elementor-lightbox-slideshow=\"daba2ec\" data-elementor-lightbox-title=\"1727GTY_1\" data-e-action-hash=\"#elementor-action%3Aaction%3Dlightbox%26settings%3DeyJpZCI6MTU2MCwidXJsIjoiaHR0cHM6XC9cL3d3dy5hdXRvYmVzdHNlcnZpY2VzLmZyXC93cC1jb250ZW50XC91cGxvYWRzXC8yMDI2XC8wM1wvMTcyN0dUWV8xLmpwZyIsInNsaWRlc2hvdyI6ImRhYmEyZWMifQ%3D%3D\">\n\t\t\t\t\t<div class=\"e-gallery-image elementor-gallery-item__image\" data-thumbnail=\"https:\/\/www.autobestservices.fr\/wp-content\/uploads\/2026\/03\/1727GTY_1-300x225.jpg\" data-width=\"300\" data-height=\"225\" aria-label=\"\" role=\"img\" ><\/div>\n\t\t\t\t\t\t\t\t\t\t\t<div class=\"elementor-gallery-item__overlay\"><\/div>\n\t\t\t\t\t\t\t\t\t\t\t\t\t\t<\/a>\n\t\t\t\t\t\t\t<a class=\"e-gallery-item elementor-gallery-item elementor-animated-content\" href=\"https:\/\/www.autobestservices.fr\/wp-content\/uploads\/2026\/03\/1727GTY_2.jpg\" data-elementor-open-lightbox=\"yes\" data-elementor-lightbox-slideshow=\"daba2ec\" data-elementor-lightbox-title=\"1727GTY_2\" data-e-action-hash=\"#elementor-action%3Aaction%3Dlightbox%26settings%3DeyJpZCI6MTU2MSwidXJsIjoiaHR0cHM6XC9cL3d3dy5hdXRvYmVzdHNlcnZpY2VzLmZyXC93cC1jb250ZW50XC91cGxvYWRzXC8yMDI2XC8wM1wvMTcyN0dUWV8yLmpwZyIsInNsaWRlc2hvdyI6ImRhYmEyZWMifQ%3D%3D\">\n\t\t\t\t\t<div class=\"e-gallery-image elementor-gallery-item__image\" data-thumbnail=\"https:\/\/www.autobestservices.fr\/wp-content\/uploads\/2026\/03\/1727GTY_2-300x225.jpg\" data-width=\"300\" data-height=\"225\" aria-label=\"\" role=\"img\" ><\/div>\n\t\t\t\t\t\t\t\t\t\t\t<div class=\"elementor-gallery-item__overlay\"><\/div>\n\t\t\t\t\t\t\t\t\t\t\t\t\t\t<\/a>\n\t\t\t\t\t\t\t<a class=\"e-gallery-item elementor-gallery-item elementor-animated-content\" href=\"https:\/\/www.autobestservices.fr\/wp-content\/uploads\/2026\/03\/1727GTY_3.jpg\" data-elementor-open-lightbox=\"yes\" data-elementor-lightbox-slideshow=\"daba2ec\" data-elementor-lightbox-title=\"1727GTY_3\" data-e-action-hash=\"#elementor-action%3Aaction%3Dlightbox%26settings%3DeyJpZCI6MTU2MiwidXJsIjoiaHR0cHM6XC9cL3d3dy5hdXRvYmVzdHNlcnZpY2VzLmZyXC93cC1jb250ZW50XC91cGxvYWRzXC8yMDI2XC8wM1wvMTcyN0dUWV8zLmpwZyIsInNsaWRlc2hvdyI6ImRhYmEyZWMifQ%3D%3D\">\n\t\t\t\t\t<div class=\"e-gallery-image elementor-gallery-item__image\" data-thumbnail=\"https:\/\/www.autobestservices.fr\/wp-content\/uploads\/2026\/03\/1727GTY_3-300x225.jpg\" data-width=\"300\" data-height=\"225\" aria-label=\"\" role=\"img\" ><\/div>\n\t\t\t\t\t\t\t\t\t\t\t<div class=\"elementor-gallery-item__overlay\"><\/div>\n\t\t\t\t\t\t\t\t\t\t\t\t\t\t<\/a>\n\t\t\t\t\t\t\t<a class=\"e-gallery-item elementor-gallery-item elementor-animated-content\" href=\"https:\/\/www.autobestservices.fr\/wp-content\/uploads\/2026\/03\/1727GTY_4.jpg\" data-elementor-open-lightbox=\"yes\" data-elementor-lightbox-slideshow=\"daba2ec\" data-elementor-lightbox-title=\"1727GTY_4\" data-e-action-hash=\"#elementor-action%3Aaction%3Dlightbox%26settings%3DeyJpZCI6MTU2MywidXJsIjoiaHR0cHM6XC9cL3d3dy5hdXRvYmVzdHNlcnZpY2VzLmZyXC93cC1jb250ZW50XC91cGxvYWRzXC8yMDI2XC8wM1wvMTcyN0dUWV80LmpwZyIsInNsaWRlc2hvdyI6ImRhYmEyZWMifQ%3D%3D\">\n\t\t\t\t\t<div class=\"e-gallery-image elementor-gallery-item__image\" data-thumbnail=\"https:\/\/www.autobestservices.fr\/wp-content\/uploads\/2026\/03\/1727GTY_4-300x225.jpg\" data-width=\"300\" data-height=\"225\" aria-label=\"\" role=\"img\" ><\/div>\n\t\t\t\t\t\t\t\t\t\t\t<div class=\"elementor-gallery-item__overlay\"><\/div>\n\t\t\t\t\t\t\t\t\t\t\t\t\t\t<\/a>\n\t\t\t\t\t\t\t<a class=\"e-gallery-item elementor-gallery-item elementor-animated-content\" href=\"https:\/\/www.autobestservices.fr\/wp-content\/uploads\/2026\/03\/1727GTY_5.jpg\" data-elementor-open-lightbox=\"yes\" data-elementor-lightbox-slideshow=\"daba2ec\" data-elementor-lightbox-title=\"1727GTY_5\" data-e-action-hash=\"#elementor-action%3Aaction%3Dlightbox%26settings%3DeyJpZCI6MTU2NCwidXJsIjoiaHR0cHM6XC9cL3d3dy5hdXRvYmVzdHNlcnZpY2VzLmZyXC93cC1jb250ZW50XC91cGxvYWRzXC8yMDI2XC8wM1wvMTcyN0dUWV81LmpwZyIsInNsaWRlc2hvdyI6ImRhYmEyZWMifQ%3D%3D\">\n\t\t\t\t\t<div class=\"e-gallery-image elementor-gallery-item__image\" data-thumbnail=\"https:\/\/www.autobestservices.fr\/wp-content\/uploads\/2026\/03\/1727GTY_5-300x225.jpg\" data-width=\"300\" data-height=\"225\" aria-label=\"\" role=\"img\" ><\/div>\n\t\t\t\t\t\t\t\t\t\t\t<div class=\"elementor-gallery-item__overlay\"><\/div>\n\t\t\t\t\t\t\t\t\t\t\t\t\t\t<\/a>\n\t\t\t\t\t\t\t<a class=\"e-gallery-item elementor-gallery-item elementor-animated-content\" href=\"https:\/\/www.autobestservices.fr\/wp-content\/uploads\/2026\/03\/1727GTY_6.jpg\" data-elementor-open-lightbox=\"yes\" data-elementor-lightbox-slideshow=\"daba2ec\" data-elementor-lightbox-title=\"1727GTY_6\" data-e-action-hash=\"#elementor-action%3Aaction%3Dlightbox%26settings%3DeyJpZCI6MTU2NSwidXJsIjoiaHR0cHM6XC9cL3d3dy5hdXRvYmVzdHNlcnZpY2VzLmZyXC93cC1jb250ZW50XC91cGxvYWRzXC8yMDI2XC8wM1wvMTcyN0dUWV82LmpwZyIsInNsaWRlc2hvdyI6ImRhYmEyZWMifQ%3D%3D\">\n\t\t\t\t\t<div class=\"e-gallery-image elementor-gallery-item__image\" data-thumbnail=\"https:\/\/www.autobestservices.fr\/wp-content\/uploads\/2026\/03\/1727GTY_6-300x225.jpg\" data-width=\"300\" data-height=\"225\" aria-label=\"\" role=\"img\" ><\/div>\n\t\t\t\t\t\t\t\t\t\t\t<div class=\"elementor-gallery-item__overlay\"><\/div>\n\t\t\t\t\t\t\t\t\t\t\t\t\t\t<\/a>\n\t\t\t\t\t\t\t<a class=\"e-gallery-item elementor-gallery-item elementor-animated-content\" href=\"https:\/\/www.autobestservices.fr\/wp-content\/uploads\/2026\/03\/1727GTY_7.jpg\" data-elementor-open-lightbox=\"yes\" data-elementor-lightbox-slideshow=\"daba2ec\" data-elementor-lightbox-title=\"1727GTY_7\" data-e-action-hash=\"#elementor-action%3Aaction%3Dlightbox%26settings%3DeyJpZCI6MTU2NiwidXJsIjoiaHR0cHM6XC9cL3d3dy5hdXRvYmVzdHNlcnZpY2VzLmZyXC93cC1jb250ZW50XC91cGxvYWRzXC8yMDI2XC8wM1wvMTcyN0dUWV83LmpwZyIsInNsaWRlc2hvdyI6ImRhYmEyZWMifQ%3D%3D\">\n\t\t\t\t\t<div class=\"e-gallery-image elementor-gallery-item__image\" data-thumbnail=\"https:\/\/www.autobestservices.fr\/wp-content\/uploads\/2026\/03\/1727GTY_7-300x225.jpg\" data-width=\"300\" data-height=\"225\" aria-label=\"\" role=\"img\" ><\/div>\n\t\t\t\t\t\t\t\t\t\t\t<div class=\"elementor-gallery-item__overlay\"><\/div>\n\t\t\t\t\t\t\t\t\t\t\t\t\t\t<\/a>\n\t\t\t\t\t\t\t<a class=\"e-gallery-item elementor-gallery-item elementor-animated-content\" href=\"https:\/\/www.autobestservices.fr\/wp-content\/uploads\/2026\/03\/1727GTY_8.jpg\" data-elementor-open-lightbox=\"yes\" data-elementor-lightbox-slideshow=\"daba2ec\" data-elementor-lightbox-title=\"1727GTY_8\" data-e-action-hash=\"#elementor-action%3Aaction%3Dlightbox%26settings%3DeyJpZCI6MTU2NywidXJsIjoiaHR0cHM6XC9cL3d3dy5hdXRvYmVzdHNlcnZpY2VzLmZyXC93cC1jb250ZW50XC91cGxvYWRzXC8yMDI2XC8wM1wvMTcyN0dUWV84LmpwZyIsInNsaWRlc2hvdyI6ImRhYmEyZWMifQ%3D%3D\">\n\t\t\t\t\t<div class=\"e-gallery-image elementor-gallery-item__image\" data-thumbnail=\"https:\/\/www.autobestservices.fr\/wp-content\/uploads\/2026\/03\/1727GTY_8-300x225.jpg\" data-width=\"300\" data-height=\"225\" aria-label=\"\" role=\"img\" ><\/div>\n\t\t\t\t\t\t\t\t\t\t\t<div class=\"elementor-gallery-item__overlay\"><\/div>\n\t\t\t\t\t\t\t\t\t\t\t\t\t\t<\/a>\n\t\t\t\t\t\t\t<a class=\"e-gallery-item elementor-gallery-item elementor-animated-content\" href=\"https:\/\/www.autobestservices.fr\/wp-content\/uploads\/2026\/03\/1727GTY_9.jpg\" data-elementor-open-lightbox=\"yes\" data-elementor-lightbox-slideshow=\"daba2ec\" data-elementor-lightbox-title=\"1727GTY_9\" data-e-action-hash=\"#elementor-action%3Aaction%3Dlightbox%26settings%3DeyJpZCI6MTU2OCwidXJsIjoiaHR0cHM6XC9cL3d3dy5hdXRvYmVzdHNlcnZpY2VzLmZyXC93cC1jb250ZW50XC91cGxvYWRzXC8yMDI2XC8wM1wvMTcyN0dUWV85LmpwZyIsInNsaWRlc2hvdyI6ImRhYmEyZWMifQ%3D%3D\">\n\t\t\t\t\t<div class=\"e-gallery-image elementor-gallery-item__image\" data-thumbnail=\"https:\/\/www.autobestservices.fr\/wp-content\/uploads\/2026\/03\/1727GTY_9-300x225.jpg\" data-width=\"300\" data-height=\"225\" aria-label=\"\" role=\"img\" ><\/div>\n\t\t\t\t\t\t\t\t\t\t\t<div class=\"elementor-gallery-item__overlay\"><\/div>\n\t\t\t\t\t\t\t\t\t\t\t\t\t\t<\/a>\n\t\t\t\t\t\t\t<a class=\"e-gallery-item elementor-gallery-item elementor-animated-content\" href=\"https:\/\/www.autobestservices.fr\/wp-content\/uploads\/2026\/03\/1727GTY_10.jpg\" data-elementor-open-lightbox=\"yes\" data-elementor-lightbox-slideshow=\"daba2ec\" data-elementor-lightbox-title=\"1727GTY_10\" data-e-action-hash=\"#elementor-action%3Aaction%3Dlightbox%26settings%3DeyJpZCI6MTU2OSwidXJsIjoiaHR0cHM6XC9cL3d3dy5hdXRvYmVzdHNlcnZpY2VzLmZyXC93cC1jb250ZW50XC91cGxvYWRzXC8yMDI2XC8wM1wvMTcyN0dUWV8xMC5qcGciLCJzbGlkZXNob3ciOiJkYWJhMmVjIn0%3D\">\n\t\t\t\t\t<div class=\"e-gallery-image elementor-gallery-item__image\" data-thumbnail=\"https:\/\/www.autobestservices.fr\/wp-content\/uploads\/2026\/03\/1727GTY_10-300x225.jpg\" data-width=\"300\" data-height=\"225\" aria-label=\"\" role=\"img\" ><\/div>\n\t\t\t\t\t\t\t\t\t\t\t<div class=\"elementor-gallery-item__overlay\"><\/div>\n\t\t\t\t\t\t\t\t\t\t\t\t\t\t<\/a>\n\t\t\t\t\t<\/div>\n\t\t\t\t\t<\/div>\n\t\t\t\t<\/div>\n\t\t\t\t\t<\/div>\n\t\t\t\t<\/div>\n\t\t<div class=\"elementor-element elementor-element-e4ac755 e-grid e-con-boxed e-con e-parent\" data-id=\"e4ac755\" data-element_type=\"container\" data-e-type=\"container\">\n\t\t\t\t\t<div class=\"e-con-inner\">\n\t\t\t\t<div class=\"elementor-element elementor-element-4778fd4 elementor-widget elementor-widget-text-editor\" data-id=\"4778fd4\" data-element_type=\"widget\" data-e-type=\"widget\" data-widget_type=\"text-editor.default\">\n\t\t\t\t<div class=\"elementor-widget-container\">\n\t\t\t\t\t\t\t\t\t<div class=\"row\"><h4 class=\"col-lg-6 col-sm-6 col-xs-6\"><span class=\"vehicule-details-tab-valeur\">R\u00e9f : <\/span><span class=\"vehicule-details-tab-libelle\"><span class=\"span-value-copy\">3796217<\/span><i class=\"far fa-copy vehicule-details-tab-copy\"><\/i><\/span><\/h4><h4 class=\"col-lg-6 col-sm-6 col-xs-6\"><span class=\"vehicule-details-tab-valeur\">Kilometrage :<\/span> 103 402<\/h4><h4 class=\"col-lg-6 col-sm-6 col-xs-6\"><span class=\"vehicule-details-tab-valeur\">Ann\u00e9e :<\/span>\u00a0<span class=\"vehicule-details-tab-libelle\">03\/2010<\/span><\/h4><h4 class=\"col-lg-6 col-sm-6 col-xs-6\"><span class=\"vehicule-details-tab-valeur\">\u00c9nergie :<\/span>\u00a0<span class=\"vehicule-details-tab-libelle\">Essence<\/span><\/h4><h4 class=\"col-lg-6 col-sm-6 col-xs-6\"><span class=\"vehicule-details-tab-valeur\">BV<\/span>\u00a0<span class=\"vehicule-details-tab-libelle\">Manuelle ( 5 )<\/span><\/h4><h4 class=\"col-lg-6 col-sm-6 col-xs-6\"><span class=\"vehicule-details-tab-valeur\">Cat\u00e9gorie :<\/span>\u00a0<span class=\"vehicule-details-tab-libelle\">Berline<\/span><\/h4><h4 class=\"col-lg-6 col-sm-6 col-xs-6\"><span class=\"vehicule-details-tab-valeur\">Puissance :<\/span> 7<span class=\"vehicule-details-tab-libelle\"> CV | 12<\/span><span class=\"vehicule-details-tab-libelle\">0 CH<\/span><\/h4><h4 class=\"col-lg-6 col-sm-6 col-xs-6\"><span class=\"vehicule-details-tab-valeur\">CO<sub>2<\/sub><\/span> : <span class=\"vehicule-details-tab-libelle\">139 gr\/km NEDC<img decoding=\"async\" src=\"https:\/\/www.tec3h.com\/img\/fr\/eco_vignette\/CRITAIR_1.png\" \/><\/span><\/h4><\/div><div id=\"prix-catalogue-collapse\" class=\"prix-catalogue-collapse collapse in\" aria-labelledby=\"prix-catalogue\" data-parent=\"#accordion\"><h4 class=\"col-lg-6 col-sm-6 col-xs-6\"><span class=\"vehicule-details-tab-valeur\">Nombre de mains<\/span> : 2<\/h4><h4 class=\"col-lg-6 col-sm-6 col-xs-6\"><span class=\"vehicule-details-tab-valeur\">Nombre de cl\u00e9s :<\/span> 1<\/h4><h4 class=\"col-lg-6 col-sm-6 col-xs-6\"><span class=\"vehicule-details-tab-valeur\">Couleur commerciale :<\/span>\u00a0<span class=\"vehicule-details-tab-libelle\" title=\"Couleur commerciale\">Rouge<\/span><\/h4><h4 class=\"col-lg-6 col-sm-6 col-xs-6\"><span class=\"vehicule-details-tab-valeur\">Couleur int\u00e9rieure :<\/span> Noire<\/h4><div class=\"row\"><h4 class=\"col-lg-6 col-sm-6 col-xs-6\"><span class=\"vehicule-details-tab-valeur\">Nombre de places :<\/span>\u00a0<span class=\"vehicule-details-tab-libelle\">5<\/span><\/h4><h4 class=\"col-lg-6 col-sm-6 col-xs-6\"><span class=\"vehicule-details-tab-valeur\">Nombre de portes :<\/span>\u00a0<span class=\"vehicule-details-tab-libelle\">3<\/span><\/h4><\/div><\/div>\t\t\t\t\t\t\t\t<\/div>\n\t\t\t\t<\/div>\n\t\t\t\t\t<\/div>\n\t\t\t\t<\/div>\n\t\t<div class=\"elementor-element elementor-element-07ac22c e-grid e-con-boxed e-con e-parent\" data-id=\"07ac22c\" data-element_type=\"container\" data-e-type=\"container\">\n\t\t\t\t\t<div class=\"e-con-inner\">\n\t\t\t\t<div class=\"elementor-element elementor-element-1b24bf3 elementor-widget elementor-widget-text-editor\" data-id=\"1b24bf3\" data-element_type=\"widget\" data-e-type=\"widget\" data-widget_type=\"text-editor.default\">\n\t\t\t\t<div class=\"elementor-widget-container\">\n\t\t\t\t\t\t\t\t\t<p>Volant cuir, r\u00e9glable en hauteur, r\u00e9glable en profondeur<\/p><p>\u00a0Limiteur de vitesse<\/p><p>\u00a0Temp\u00e9rature ext\u00e9rieure<\/p><p>\u00a0Si\u00e8ges AR : banquette fractionn\u00e9e, 3 places, assise fractionn\u00e9e, rabattables : 2\/3-1\/3<\/p><p>\u00a0R\u00e9troviseurs ext\u00e9rieurs: c\u00f4t\u00e9 conducteur, c\u00f4t\u00e9 passager, peint, \u00e9lectriques, chauffants, rappels de clignotants int\u00e9gr\u00e9s<\/p><p>\u00a0R\u00e9servoir 50 litres<\/p><p>\u00a0R\u00e9gulateur de vitesse<\/p><p>\u00a0Rangement r\u00e9frig\u00e9r\u00e9: bo\u00eete \u00e0 gants ( ventil\u00e9 )<\/p><p>\u00a0Prise(s) 12V : AV<\/p><p>\u00a0Pr\u00e9paration Isofix<\/p><p>\u00a0Airbags rideaux lat\u00e9raux AV &amp; AR<\/p><p>\u00a0Kit pneus<\/p><p>\u00a0Antibrouillards AV<\/p><p>\u00a0Immobiliseur<\/p><p>\u00a0Essuie-glaces \u00e0 capteur de pluie<\/p><p>\u00a0Entr\u00e9e facile<\/p><p>\u00a0Contr\u00f4le des phares: allumage automatique, r\u00e9glage en hauteur manuel<\/p><p>\u00a0Condamnation centralis\u00e9e \u00e0 distance<\/p><p>\u00a0Commande ventilation additionnelle si\u00e8ge passager, avec affichage digital<\/p><p>\u00a0Climatisation : climatiseur automatique, 2 zones<\/p><p>\u00a0Capacit\u00e9 du coffre(l) : si\u00e8ges en place, sous tablette : 270<\/p><p>\u00a0Assistance au freinage d&rsquo;urgence<\/p><p>\u00a0Phares halog\u00e8nes<\/p>\t\t\t\t\t\t\t\t<\/div>\n\t\t\t\t<\/div>\n\t\t\t\t\t<\/div>\n\t\t\t\t<\/div>\n\t\t\t\t<\/div>\n\t\t","protected":false},"excerpt":{"rendered":"<p>PEUGEOT 207 1.6 VTI 120ch Premium 4 890 \u20ac R\u00e9f : 3796217 Kilometrage : 103 402 Ann\u00e9e :\u00a003\/2010 \u00c9nergie :\u00a0Essence BV\u00a0Manuelle ( 5 ) Cat\u00e9gorie :\u00a0Berline Puissance : 7 CV | 120 CH CO2 : 139 gr\/km NEDC Nombre de mains : 2 Nombre de cl\u00e9s : 1 Couleur commerciale :\u00a0Rouge Couleur int\u00e9rieure : Noire [&hellip;]<\/p>\n","protected":false},"author":1,"featured_media":0,"parent":0,"menu_order":0,"comment_status":"closed","ping_status":"closed","template":"","meta":{"footnotes":""},"class_list":["post-1530","page","type-page","status-publish","hentry"],"_links":{"self":[{"href":"https:\/\/www.autobestservices.fr\/index.php\/wp-json\/wp\/v2\/pages\/1530","targetHints":{"allow":["GET"]}}],"collection":[{"href":"https:\/\/www.autobestservices.fr\/index.php\/wp-json\/wp\/v2\/pages"}],"about":[{"href":"https:\/\/www.autobestservices.fr\/index.php\/wp-json\/wp\/v2\/types\/page"}],"author":[{"embeddable":true,"href":"https:\/\/www.autobestservices.fr\/index.php\/wp-json\/wp\/v2\/users\/1"}],"replies":[{"embeddable":true,"href":"https:\/\/www.autobestservices.fr\/index.php\/wp-json\/wp\/v2\/comments?post=1530"}],"version-history":[{"count":12,"href":"https:\/\/www.autobestservices.fr\/index.php\/wp-json\/wp\/v2\/pages\/1530\/revisions"}],"predecessor-version":[{"id":1620,"href":"https:\/\/www.autobestservices.fr\/index.php\/wp-json\/wp\/v2\/pages\/1530\/revisions\/1620"}],"wp:attachment":[{"href":"https:\/\/www.autobestservices.fr\/index.php\/wp-json\/wp\/v2\/media?parent=1530"}],"curies":[{"name":"wp","href":"https:\/\/api.w.org\/{rel}","templated":true}]}}