{"id":1098,"date":"2026-01-19T13:40:09","date_gmt":"2026-01-19T12:40:09","guid":{"rendered":"https:\/\/www.autobestservices.fr\/?page_id=1098"},"modified":"2026-03-05T08:53:34","modified_gmt":"2026-03-05T07:53:34","slug":"mentions-legales","status":"publish","type":"page","link":"https:\/\/www.autobestservices.fr\/index.php\/mentions-legales\/","title":{"rendered":"Mentions"},"content":{"rendered":"\t\t<div data-elementor-type=\"wp-page\" data-elementor-id=\"1098\" class=\"elementor elementor-1098\" data-elementor-post-type=\"page\">\n\t\t\t\t<div class=\"elementor-element elementor-element-42280ea9 ops-section e-flex e-con-boxed e-con e-parent\" data-id=\"42280ea9\" data-element_type=\"container\" data-e-type=\"container\" data-settings=\"{&quot;background_background&quot;:&quot;classic&quot;,&quot;ekit_has_onepagescroll&quot;:&quot;section&quot;}\">\n\t\t\t\t\t<div class=\"e-con-inner\">\n\t\t<div class=\"elementor-element elementor-element-390839aa e-con-full e-flex e-con e-child\" data-id=\"390839aa\" data-element_type=\"container\" data-e-type=\"container\">\n\t\t\t\t<\/div>\n\t\t<div class=\"elementor-element elementor-element-6f1851df e-con-full e-flex e-con e-child\" data-id=\"6f1851df\" data-element_type=\"container\" data-e-type=\"container\">\n\t\t<div class=\"elementor-element elementor-element-5c2e53c4 e-con-full e-flex e-con e-child\" data-id=\"5c2e53c4\" data-element_type=\"container\" data-e-type=\"container\">\n\t\t\t\t<div class=\"elementor-element elementor-element-73879e8d elementor-widget__width-auto elementor-widget elementor-widget-button\" data-id=\"73879e8d\" data-element_type=\"widget\" data-e-type=\"widget\" data-widget_type=\"button.default\">\n\t\t\t\t<div class=\"elementor-widget-container\">\n\t\t\t\t\t\t\t\t\t<div class=\"elementor-button-wrapper\">\n\t\t\t\t\t<a class=\"elementor-button elementor-button-link elementor-size-sm\" href=\"#\">\n\t\t\t\t\t\t<span class=\"elementor-button-content-wrapper\">\n\t\t\t\t\t\t\t\t\t<span class=\"elementor-button-text\">Home<\/span>\n\t\t\t\t\t<\/span>\n\t\t\t\t\t<\/a>\n\t\t\t\t<\/div>\n\t\t\t\t\t\t\t\t<\/div>\n\t\t\t\t<\/div>\n\t\t\t\t<div class=\"elementor-element elementor-element-457a0b4c elementor-widget__width-auto elementor-view-default elementor-widget elementor-widget-icon\" data-id=\"457a0b4c\" data-element_type=\"widget\" data-e-type=\"widget\" data-widget_type=\"icon.default\">\n\t\t\t\t<div class=\"elementor-widget-container\">\n\t\t\t\t\t\t\t<div class=\"elementor-icon-wrapper\">\n\t\t\t<div class=\"elementor-icon\">\n\t\t\t<svg aria-hidden=\"true\" class=\"e-font-icon-svg e-fas-caret-right\" viewBox=\"0 0 192 512\" xmlns=\"http:\/\/www.w3.org\/2000\/svg\"><path d=\"M0 384.662V127.338c0-17.818 21.543-26.741 34.142-14.142l128.662 128.662c7.81 7.81 7.81 20.474 0 28.284L34.142 398.804C21.543 411.404 0 402.48 0 384.662z\"><\/path><\/svg>\t\t\t<\/div>\n\t\t<\/div>\n\t\t\t\t\t\t<\/div>\n\t\t\t\t<\/div>\n\t\t\t\t<div class=\"elementor-element elementor-element-39b0465b elementor-widget__width-auto elementor-widget elementor-widget-page-title\" data-id=\"39b0465b\" data-element_type=\"widget\" data-e-type=\"widget\" data-widget_type=\"page-title.default\">\n\t\t\t\t<div class=\"elementor-widget-container\">\n\t\t\t\t\t\t\t\n\t\t<div class=\"hfe-page-title hfe-page-title-wrapper elementor-widget-heading\">\n\n\t\t\t\t\t\t\t\t<h4 class=\"elementor-heading-title elementor-size-default\">\n\t\t\t\t\t\t\t\t\n\t\t\t\tMentions  \n\t\t\t<\/h4 > \n\t\t\t\t\t<\/div>\n\t\t\t\t\t\t<\/div>\n\t\t\t\t<\/div>\n\t\t\t\t<\/div>\n\t\t\t\t<\/div>\n\t\t\t\t\t<\/div>\n\t\t\t\t<\/div>\n\t\t<div class=\"elementor-element elementor-element-6b3d95e e-flex e-con-boxed e-con e-parent\" data-id=\"6b3d95e\" data-element_type=\"container\" data-e-type=\"container\">\n\t\t\t\t\t<div class=\"e-con-inner\">\n\t\t\t\t<div class=\"elementor-element elementor-element-4747685 elementor-widget elementor-widget-text-editor\" data-id=\"4747685\" data-element_type=\"widget\" data-e-type=\"widget\" data-widget_type=\"text-editor.default\">\n\t\t\t\t<div class=\"elementor-widget-container\">\n\t\t\t\t\t\t\t\t\t<p><style>\na {<br \/>    text-decoration: none;<br \/>    color: #464feb;<br \/>}<br \/>tr th, tr td {<br \/>    border: 1px solid #e6e6e6;<br \/>}<br \/>tr th {<br \/>    background-color: #f5f5f5;<br \/>}<br \/><\/style><\/p><div><h1><strong style=\"font-size: 35px;\">1. \u00c9diteur du site<\/strong><\/h1><p><strong>Raison sociale :<\/strong> Auto Best Services<br \/><strong>Forme juridique :<\/strong> SAS<br \/><strong>Adresse du si\u00e8ge social :<\/strong> 18 rue des Vignes, 66160 Le Boulou, France<br \/><strong>T\u00e9l\u00e9phone :<\/strong> 04.68.80.77.48 \/ 06.85.42.55.71<br \/><strong>Email :<\/strong> contact@autobestservices.fr<br \/><strong>SIRET :<\/strong> 933 512 048 00010<br \/><strong>Immatriculation :<\/strong> RCS Perpignan<br \/><strong>Responsable de la publication :<\/strong> M. PRELAT<\/p><h2><strong>2. H\u00e9bergeur du site<\/strong><\/h2><p><strong>H\u00e9bergeur :<\/strong> OVH SAS<br \/><strong>Adresse :<\/strong> 2 rue Kellermann \u2013 59100 Roubaix \u2013 France<br \/><strong>T\u00e9l\u00e9phone :<\/strong> 09 72 10 10 07<br \/><strong>Site web :<\/strong> https:\/\/www.ovh.com<\/p><h2><strong>3. Propri\u00e9t\u00e9 intellectuelle<\/strong><\/h2><p>L\u2019ensemble du site <strong>autobestservices.fr<\/strong>, incluant textes, images, logos, vid\u00e9os et \u00e9l\u00e9ments graphiques, est prot\u00e9g\u00e9 par le Code de la propri\u00e9t\u00e9 intellectuelle.<\/p><p>Toute reproduction, diffusion, modification, totale ou partielle, est strictement interdite sans accord \u00e9crit pr\u00e9alable de <strong>Auto Best Services<\/strong>.<\/p><h2><strong>4. Donn\u00e9es personnelles (RGPD)<\/strong><\/h2><p>Auto Best Services peut collecter des donn\u00e9es personnelles via :<\/p><ul><li>formulaires de contact,<\/li><li>demandes d\u2019information,<\/li><li>cookies analytiques,<\/li><li>outils de mesure d\u2019audience.<\/li><\/ul><p><strong>Responsable du traitement :<\/strong> Auto Best Services<br \/><strong>Finalit\u00e9s du traitement :<\/strong> gestion des demandes clients, suivi commercial, analyse statistique.<br \/><strong>Base l\u00e9gale :<\/strong> int\u00e9r\u00eat l\u00e9gitime ou consentement (selon le type de collecte).<br \/><strong>Dur\u00e9e de conservation :<\/strong><\/p><ul><li>donn\u00e9es de contact : 12 mois,<\/li><li>cookies : 13 mois.<br \/><strong>Droits des utilisateurs :<\/strong><br \/>Conform\u00e9ment au RGPD, tout utilisateur dispose des droits d\u2019acc\u00e8s, de rectification, d\u2019effacement, d\u2019opposition et de portabilit\u00e9.<\/li><\/ul><p>Pour exercer vos droits : <strong>contact@autobestservices.fr<\/strong><\/p><p><strong style=\"color: #06163a; font-family: 'Source Sans Pro', sans-serif; font-size: 35px;\">5. Cookies<\/strong><\/p><p>Lors de votre premi\u00e8re visite, un bandeau d\u2019information vous permet d\u2019accepter, refuser ou personnaliser les cookies.<br \/>Les cookies n\u00e9cessaires au fonctionnement du site ne peuvent \u00eatre d\u00e9sactiv\u00e9s.<\/p><h2><strong>6. Responsabilit\u00e9<\/strong><\/h2><p>Auto Best Services s\u2019efforce d\u2019assurer l\u2019exactitude des informations publi\u00e9es.<br \/>Toutefois, l\u2019entreprise ne peut \u00eatre tenue responsable :<\/p><ul><li>d&rsquo;interruptions ou d\u2019erreurs techniques,<\/li><li>d\u2019inexactitudes ponctuelles,<\/li><li>de dommages li\u00e9s \u00e0 l\u2019utilisation du site.<\/li><\/ul><h2><strong>7. Loi applicable<\/strong><\/h2><p>Les pr\u00e9sentes mentions l\u00e9gales sont r\u00e9gies par le droit fran\u00e7ais.<br \/>En cas de litige, la juridiction comp\u00e9tente sera celle du si\u00e8ge social de <strong>Auto Best Services<\/strong>.<\/p><\/div>\t\t\t\t\t\t\t\t<\/div>\n\t\t\t\t<\/div>\n\t\t\t\t\t<\/div>\n\t\t\t\t<\/div>\n\t\t\t\t<\/div>\n\t\t","protected":false},"excerpt":{"rendered":"<p>Mentions L\u00e9gales Home Mentions 1. \u00c9diteur du site Raison sociale : Auto Best ServicesForme juridique : SASAdresse du si\u00e8ge social : 18 rue des Vignes, 66160 Le Boulou, FranceT\u00e9l\u00e9phone : 04.68.80.77.48 \/ 06.85.42.55.71Email : contact@autobestservices.frSIRET : 933 512 048 00010Immatriculation : RCS PerpignanResponsable de la publication : M. PRELAT 2. H\u00e9bergeur du site H\u00e9bergeur : [&hellip;]<\/p>\n","protected":false},"author":1,"featured_media":0,"parent":0,"menu_order":0,"comment_status":"closed","ping_status":"closed","template":"","meta":{"footnotes":""},"class_list":["post-1098","page","type-page","status-publish","hentry"],"_links":{"self":[{"href":"https:\/\/www.autobestservices.fr\/index.php\/wp-json\/wp\/v2\/pages\/1098","targetHints":{"allow":["GET"]}}],"collection":[{"href":"https:\/\/www.autobestservices.fr\/index.php\/wp-json\/wp\/v2\/pages"}],"about":[{"href":"https:\/\/www.autobestservices.fr\/index.php\/wp-json\/wp\/v2\/types\/page"}],"author":[{"embeddable":true,"href":"https:\/\/www.autobestservices.fr\/index.php\/wp-json\/wp\/v2\/users\/1"}],"replies":[{"embeddable":true,"href":"https:\/\/www.autobestservices.fr\/index.php\/wp-json\/wp\/v2\/comments?post=1098"}],"version-history":[{"count":15,"href":"https:\/\/www.autobestservices.fr\/index.php\/wp-json\/wp\/v2\/pages\/1098\/revisions"}],"predecessor-version":[{"id":1323,"href":"https:\/\/www.autobestservices.fr\/index.php\/wp-json\/wp\/v2\/pages\/1098\/revisions\/1323"}],"wp:attachment":[{"href":"https:\/\/www.autobestservices.fr\/index.php\/wp-json\/wp\/v2\/media?parent=1098"}],"curies":[{"name":"wp","href":"https:\/\/api.w.org\/{rel}","templated":true}]}}